{"id":239,"date":"2025-02-08T19:40:34","date_gmt":"2025-02-08T18:40:34","guid":{"rendered":"https:\/\/www.erotissimo.net\/?page_id=239"},"modified":"2025-09-08T14:24:10","modified_gmt":"2025-09-08T12:24:10","slug":"artistes","status":"publish","type":"page","link":"https:\/\/www.erotissimo.net\/index.php\/accueil\/home\/univers\/artistes\/","title":{"rendered":"Artistes"},"content":{"rendered":"\t\t<div data-elementor-type=\"wp-page\" data-elementor-id=\"239\" class=\"elementor elementor-239\">\n\t\t\t\t<div class=\"elementor-element elementor-element-25a8cae7 e-flex e-con-boxed e-con e-parent\" data-id=\"25a8cae7\" data-element_type=\"container\">\n\t\t\t\t\t<div class=\"e-con-inner\">\n\t\t<div class=\"elementor-element elementor-element-1163c694 e-con-full e-flex e-con e-child\" data-id=\"1163c694\" data-element_type=\"container\">\n\t\t\t\t<div class=\"elementor-element elementor-element-37455a3 elementor-invisible elementor-widget elementor-widget-heading\" data-id=\"37455a3\" data-element_type=\"widget\" data-settings=\"{&quot;_animation&quot;:&quot;fadeIn&quot;}\" data-widget_type=\"heading.default\">\n\t\t\t\t<div class=\"elementor-widget-container\">\n\t\t\t\t\t<h1 class=\"elementor-heading-title elementor-size-default\">Les shows<\/h1>\t\t\t\t<\/div>\n\t\t\t\t<\/div>\n\t\t\t\t<div class=\"elementor-element elementor-element-3b43db54 elementor-invisible elementor-widget elementor-widget-heading\" data-id=\"3b43db54\" data-element_type=\"widget\" data-settings=\"{&quot;_animation&quot;:&quot;fadeIn&quot;,&quot;_animation_delay&quot;:400}\" data-widget_type=\"heading.default\">\n\t\t\t\t<div class=\"elementor-widget-container\">\n\t\t\t\t\t<h2 class=\"elementor-heading-title elementor-size-default\">Les artistes en show sur la sc\u00e8ne du salon Erotissimo<\/h2>\t\t\t\t<\/div>\n\t\t\t\t<\/div>\n\t\t\t\t<\/div>\n\t\t\t\t\t<\/div>\n\t\t\t\t<\/div>\n\t\t<div class=\"elementor-element elementor-element-bb6f8a0 e-flex e-con-boxed e-con e-parent\" data-id=\"bb6f8a0\" data-element_type=\"container\">\n\t\t\t\t\t<div class=\"e-con-inner\">\n\t\t<div class=\"elementor-element elementor-element-8446ce0 e-con-full e-flex e-con e-child\" data-id=\"8446ce0\" data-element_type=\"container\">\n\t\t<div class=\"elementor-element elementor-element-3c68be0 e-con-full e-flex e-con e-child\" data-id=\"3c68be0\" data-element_type=\"container\" data-settings=\"{&quot;background_background&quot;:&quot;classic&quot;}\">\n\t\t\t\t<\/div>\n\t\t<div class=\"elementor-element elementor-element-345b371 e-con-full e-flex e-con e-child\" data-id=\"345b371\" data-element_type=\"container\">\n\t\t\t\t<div class=\"elementor-element elementor-element-f7ced7f elementor-widget elementor-widget-heading\" data-id=\"f7ced7f\" data-element_type=\"widget\" data-widget_type=\"heading.default\">\n\t\t\t\t<div class=\"elementor-widget-container\">\n\t\t\t\t\t<h2 class=\"elementor-heading-title elementor-size-default\">Amon R\u00e2<\/h2>\t\t\t\t<\/div>\n\t\t\t\t<\/div>\n\t\t\t\t<div class=\"elementor-element elementor-element-ccabde1 elementor-widget-divider--view-line elementor-widget elementor-widget-divider\" data-id=\"ccabde1\" data-element_type=\"widget\" data-widget_type=\"divider.default\">\n\t\t\t\t<div class=\"elementor-widget-container\">\n\t\t\t\t\t\t\t<div class=\"elementor-divider\">\n\t\t\t<span class=\"elementor-divider-separator\">\n\t\t\t\t\t\t<\/span>\n\t\t<\/div>\n\t\t\t\t\t\t<\/div>\n\t\t\t\t<\/div>\n\t\t\t\t<\/div>\n\t\t\t\t<\/div>\n\t\t<div class=\"elementor-element elementor-element-3a3343c e-con-full e-flex e-con e-child\" data-id=\"3a3343c\" data-element_type=\"container\">\n\t\t<div class=\"elementor-element elementor-element-5962f0e e-con-full e-flex e-con e-child\" data-id=\"5962f0e\" data-element_type=\"container\" data-settings=\"{&quot;background_background&quot;:&quot;classic&quot;}\">\n\t\t\t\t<\/div>\n\t\t<div class=\"elementor-element elementor-element-5a03ac7 e-con-full e-flex e-con e-child\" data-id=\"5a03ac7\" data-element_type=\"container\">\n\t\t\t\t<div class=\"elementor-element elementor-element-5e9b9eb elementor-widget elementor-widget-heading\" data-id=\"5e9b9eb\" data-element_type=\"widget\" data-widget_type=\"heading.default\">\n\t\t\t\t<div class=\"elementor-widget-container\">\n\t\t\t\t\t<h2 class=\"elementor-heading-title elementor-size-default\">Devil's Doll &amp; The Northman<\/h2>\t\t\t\t<\/div>\n\t\t\t\t<\/div>\n\t\t\t\t<div class=\"elementor-element elementor-element-4f418a9 elementor-widget-divider--view-line elementor-widget elementor-widget-divider\" data-id=\"4f418a9\" data-element_type=\"widget\" data-widget_type=\"divider.default\">\n\t\t\t\t<div class=\"elementor-widget-container\">\n\t\t\t\t\t\t\t<div class=\"elementor-divider\">\n\t\t\t<span class=\"elementor-divider-separator\">\n\t\t\t\t\t\t<\/span>\n\t\t<\/div>\n\t\t\t\t\t\t<\/div>\n\t\t\t\t<\/div>\n\t\t\t\t<\/div>\n\t\t\t\t<\/div>\n\t\t<div class=\"elementor-element elementor-element-1bfd202 e-con-full e-flex e-con e-child\" data-id=\"1bfd202\" data-element_type=\"container\">\n\t\t<div class=\"elementor-element elementor-element-1ad3ca8 e-con-full e-flex e-con e-child\" data-id=\"1ad3ca8\" data-element_type=\"container\" data-settings=\"{&quot;background_background&quot;:&quot;classic&quot;}\">\n\t\t\t\t<\/div>\n\t\t<div class=\"elementor-element elementor-element-d46e61b e-con-full e-flex e-con e-child\" data-id=\"d46e61b\" data-element_type=\"container\">\n\t\t\t\t<div class=\"elementor-element elementor-element-2b1bd0d elementor-widget elementor-widget-heading\" data-id=\"2b1bd0d\" data-element_type=\"widget\" data-widget_type=\"heading.default\">\n\t\t\t\t<div class=\"elementor-widget-container\">\n\t\t\t\t\t<h2 class=\"elementor-heading-title elementor-size-default\">Pyroboobz<\/h2>\t\t\t\t<\/div>\n\t\t\t\t<\/div>\n\t\t\t\t<div class=\"elementor-element elementor-element-856db8f elementor-widget-divider--view-line elementor-widget elementor-widget-divider\" data-id=\"856db8f\" data-element_type=\"widget\" data-widget_type=\"divider.default\">\n\t\t\t\t<div class=\"elementor-widget-container\">\n\t\t\t\t\t\t\t<div class=\"elementor-divider\">\n\t\t\t<span class=\"elementor-divider-separator\">\n\t\t\t\t\t\t<\/span>\n\t\t<\/div>\n\t\t\t\t\t\t<\/div>\n\t\t\t\t<\/div>\n\t\t\t\t<div class=\"elementor-element elementor-element-df8c38e elementor-widget elementor-widget-text-editor\" data-id=\"df8c38e\" data-element_type=\"widget\" data-widget_type=\"text-editor.default\">\n\t\t\t\t<div class=\"elementor-widget-container\">\n\t\t\t\t\t\t\t\t\t<p>En shows solo et en duo avec Olivia Verner !<\/p>\t\t\t\t\t\t\t\t<\/div>\n\t\t\t\t<\/div>\n\t\t\t\t<\/div>\n\t\t\t\t<\/div>\n\t\t<div class=\"elementor-element elementor-element-994dcf8 e-con-full e-flex e-con e-child\" data-id=\"994dcf8\" data-element_type=\"container\">\n\t\t<div class=\"elementor-element elementor-element-6816405 e-con-full e-flex e-con e-child\" data-id=\"6816405\" data-element_type=\"container\" data-settings=\"{&quot;background_background&quot;:&quot;classic&quot;}\">\n\t\t\t\t<\/div>\n\t\t<div class=\"elementor-element elementor-element-b735128 e-con-full e-flex e-con e-child\" data-id=\"b735128\" data-element_type=\"container\">\n\t\t\t\t<div class=\"elementor-element elementor-element-2a6b35e elementor-widget elementor-widget-heading\" data-id=\"2a6b35e\" data-element_type=\"widget\" data-widget_type=\"heading.default\">\n\t\t\t\t<div class=\"elementor-widget-container\">\n\t\t\t\t\t<h2 class=\"elementor-heading-title elementor-size-default\">Olivia Verner<\/h2>\t\t\t\t<\/div>\n\t\t\t\t<\/div>\n\t\t\t\t<div class=\"elementor-element elementor-element-ed4ad2e elementor-widget-divider--view-line elementor-widget elementor-widget-divider\" data-id=\"ed4ad2e\" data-element_type=\"widget\" data-widget_type=\"divider.default\">\n\t\t\t\t<div class=\"elementor-widget-container\">\n\t\t\t\t\t\t\t<div class=\"elementor-divider\">\n\t\t\t<span class=\"elementor-divider-separator\">\n\t\t\t\t\t\t<\/span>\n\t\t<\/div>\n\t\t\t\t\t\t<\/div>\n\t\t\t\t<\/div>\n\t\t\t\t<div class=\"elementor-element elementor-element-4eba451 elementor-widget elementor-widget-text-editor\" data-id=\"4eba451\" data-element_type=\"widget\" data-widget_type=\"text-editor.default\">\n\t\t\t\t<div class=\"elementor-widget-container\">\n\t\t\t\t\t\t\t\t\t<p>En shows solo et en duo avec Pyroboobz !<\/p>\t\t\t\t\t\t\t\t<\/div>\n\t\t\t\t<\/div>\n\t\t\t\t<\/div>\n\t\t\t\t<\/div>\n\t\t<div class=\"elementor-element elementor-element-ac2d721 e-con-full e-flex e-con e-child\" data-id=\"ac2d721\" data-element_type=\"container\">\n\t\t<div class=\"elementor-element elementor-element-ab55869 e-con-full e-flex e-con e-child\" data-id=\"ab55869\" data-element_type=\"container\" data-settings=\"{&quot;background_background&quot;:&quot;classic&quot;}\">\n\t\t\t\t<\/div>\n\t\t<div class=\"elementor-element elementor-element-cd6cb59 e-con-full e-flex e-con e-child\" data-id=\"cd6cb59\" data-element_type=\"container\">\n\t\t\t\t<div class=\"elementor-element elementor-element-1d0bdef elementor-widget elementor-widget-heading\" data-id=\"1d0bdef\" data-element_type=\"widget\" data-widget_type=\"heading.default\">\n\t\t\t\t<div class=\"elementor-widget-container\">\n\t\t\t\t\t<h2 class=\"elementor-heading-title elementor-size-default\">Paco<\/h2>\t\t\t\t<\/div>\n\t\t\t\t<\/div>\n\t\t\t\t<div class=\"elementor-element elementor-element-6ddf717 elementor-widget-divider--view-line elementor-widget elementor-widget-divider\" data-id=\"6ddf717\" data-element_type=\"widget\" data-widget_type=\"divider.default\">\n\t\t\t\t<div class=\"elementor-widget-container\">\n\t\t\t\t\t\t\t<div class=\"elementor-divider\">\n\t\t\t<span class=\"elementor-divider-separator\">\n\t\t\t\t\t\t<\/span>\n\t\t<\/div>\n\t\t\t\t\t\t<\/div>\n\t\t\t\t<\/div>\n\t\t\t\t<\/div>\n\t\t\t\t<\/div>\n\t\t<div class=\"elementor-element elementor-element-eb5cd1c e-con-full e-flex e-con e-child\" data-id=\"eb5cd1c\" data-element_type=\"container\">\n\t\t<div class=\"elementor-element elementor-element-9d877e2 e-con-full e-flex e-con e-child\" data-id=\"9d877e2\" data-element_type=\"container\" data-settings=\"{&quot;background_background&quot;:&quot;classic&quot;}\">\n\t\t\t\t<\/div>\n\t\t<div class=\"elementor-element elementor-element-9d311dd e-con-full e-flex e-con e-child\" data-id=\"9d311dd\" data-element_type=\"container\">\n\t\t\t\t<div class=\"elementor-element elementor-element-4909289 elementor-widget elementor-widget-heading\" data-id=\"4909289\" data-element_type=\"widget\" data-widget_type=\"heading.default\">\n\t\t\t\t<div class=\"elementor-widget-container\">\n\t\t\t\t\t<h2 class=\"elementor-heading-title elementor-size-default\">Th\u00e9r\u00e8se Dune<\/h2>\t\t\t\t<\/div>\n\t\t\t\t<\/div>\n\t\t\t\t<div class=\"elementor-element elementor-element-9158ea8 elementor-widget-divider--view-line elementor-widget elementor-widget-divider\" data-id=\"9158ea8\" data-element_type=\"widget\" data-widget_type=\"divider.default\">\n\t\t\t\t<div class=\"elementor-widget-container\">\n\t\t\t\t\t\t\t<div class=\"elementor-divider\">\n\t\t\t<span class=\"elementor-divider-separator\">\n\t\t\t\t\t\t<\/span>\n\t\t<\/div>\n\t\t\t\t\t\t<\/div>\n\t\t\t\t<\/div>\n\t\t\t\t<div class=\"elementor-element elementor-element-b2a6c8d elementor-widget elementor-widget-text-editor\" data-id=\"b2a6c8d\" data-element_type=\"widget\" data-widget_type=\"text-editor.default\">\n\t\t\t\t<div class=\"elementor-widget-container\">\n\t\t\t\t\t\t\t\t\t<p>Sur sc\u00e8ne et dans les all\u00e9es du salon&#8230;<\/p>\t\t\t\t\t\t\t\t<\/div>\n\t\t\t\t<\/div>\n\t\t\t\t<\/div>\n\t\t\t\t<\/div>\n\t\t<div class=\"elementor-element elementor-element-4928371 e-con-full e-flex e-con e-child\" data-id=\"4928371\" data-element_type=\"container\">\n\t\t\t\t<div class=\"elementor-element elementor-element-d03cba3 elementor-widget elementor-widget-heading\" data-id=\"d03cba3\" data-element_type=\"widget\" data-widget_type=\"heading.default\">\n\t\t\t\t<div class=\"elementor-widget-container\">\n\t\t\t\t\t<h2 class=\"elementor-heading-title elementor-size-default\">Des Shows BDSM et des animations vous attendent \u00e9galement sur la sc\u00e8ne d'Erotissimo...<\/h2>\t\t\t\t<\/div>\n\t\t\t\t<\/div>\n\t\t\t\t<\/div>\n\t\t\t\t\t<\/div>\n\t\t\t\t<\/div>\n\t\t\t\t<\/div>\n\t\t","protected":false},"excerpt":{"rendered":"<p>Les shows Les artistes en show sur la sc\u00e8ne du salon Erotissimo Amon R\u00e2 Devil&rsquo;s Doll &amp; The Northman Pyroboobz En shows solo et en duo avec Olivia Verner ! Olivia Verner En shows solo et en duo avec Pyroboobz ! Paco Th\u00e9r\u00e8se Dune Sur sc\u00e8ne et dans les all\u00e9es du salon&#8230; Des Shows BDSM [&hellip;]<\/p>\n","protected":false},"author":1,"featured_media":0,"parent":47,"menu_order":0,"comment_status":"closed","ping_status":"closed","template":"elementor_header_footer","meta":{"footnotes":""},"class_list":["post-239","page","type-page","status-publish","hentry"],"_links":{"self":[{"href":"https:\/\/www.erotissimo.net\/index.php\/wp-json\/wp\/v2\/pages\/239","targetHints":{"allow":["GET"]}}],"collection":[{"href":"https:\/\/www.erotissimo.net\/index.php\/wp-json\/wp\/v2\/pages"}],"about":[{"href":"https:\/\/www.erotissimo.net\/index.php\/wp-json\/wp\/v2\/types\/page"}],"author":[{"embeddable":true,"href":"https:\/\/www.erotissimo.net\/index.php\/wp-json\/wp\/v2\/users\/1"}],"replies":[{"embeddable":true,"href":"https:\/\/www.erotissimo.net\/index.php\/wp-json\/wp\/v2\/comments?post=239"}],"version-history":[{"count":13,"href":"https:\/\/www.erotissimo.net\/index.php\/wp-json\/wp\/v2\/pages\/239\/revisions"}],"predecessor-version":[{"id":656,"href":"https:\/\/www.erotissimo.net\/index.php\/wp-json\/wp\/v2\/pages\/239\/revisions\/656"}],"up":[{"embeddable":true,"href":"https:\/\/www.erotissimo.net\/index.php\/wp-json\/wp\/v2\/pages\/47"}],"wp:attachment":[{"href":"https:\/\/www.erotissimo.net\/index.php\/wp-json\/wp\/v2\/media?parent=239"}],"curies":[{"name":"wp","href":"https:\/\/api.w.org\/{rel}","templated":true}]}}