{"id":454,"date":"2025-04-13T15:13:17","date_gmt":"2025-04-13T13:13:17","guid":{"rendered":"https:\/\/www.erotissimo.net\/?page_id=454"},"modified":"2025-04-13T18:54:03","modified_gmt":"2025-04-13T16:54:03","slug":"mentions","status":"publish","type":"page","link":"https:\/\/www.erotissimo.net\/index.php\/accueil\/home\/mentions\/","title":{"rendered":"Mentions"},"content":{"rendered":"\t\t<div data-elementor-type=\"wp-page\" data-elementor-id=\"454\" class=\"elementor elementor-454\">\n\t\t\t\t<div class=\"elementor-element elementor-element-24c16cf6 e-flex e-con-boxed e-con e-parent\" data-id=\"24c16cf6\" data-element_type=\"container\">\n\t\t\t\t\t<div class=\"e-con-inner\">\n\t\t<div class=\"elementor-element elementor-element-71f79242 e-con-full e-flex e-con e-child\" data-id=\"71f79242\" data-element_type=\"container\">\n\t\t\t\t<div class=\"elementor-element elementor-element-4083a1f8 elementor-widget__width-initial elementor-invisible elementor-widget elementor-widget-heading\" data-id=\"4083a1f8\" data-element_type=\"widget\" data-settings=\"{&quot;_animation&quot;:&quot;fadeIn&quot;}\" data-widget_type=\"heading.default\">\n\t\t\t\t<div class=\"elementor-widget-container\">\n\t\t\t\t\t<h2 class=\"elementor-heading-title elementor-size-default\">Mentions l\u00e9gales<\/h2>\t\t\t\t<\/div>\n\t\t\t\t<\/div>\n\t\t\t\t<div class=\"elementor-element elementor-element-6eec4499 elementor-widget elementor-widget-text-editor\" data-id=\"6eec4499\" data-element_type=\"widget\" data-widget_type=\"text-editor.default\">\n\t\t\t\t<div class=\"elementor-widget-container\">\n\t\t\t\t\t\t\t\t\t<h3 class=\"\" data-start=\"292\" data-end=\"313\">\u00c9diteur du site<\/h3>\n<p class=\"\" data-start=\"314\" data-end=\"546\">Le pr\u00e9sent site internet, accessible \u00e0 l&rsquo;adresse <a class=\"\" href=\"https:\/\/www.erotissimo.net\" target=\"_new\" rel=\"noopener\" data-start=\"363\" data-end=\"411\">www.erotissimo.net<\/a>, est \u00e9dit\u00e9 par :<br data-start=\"428\" data-end=\"431\"><strong data-start=\"431\" data-end=\"462\">SAS Les B\u00e2tisseurs de R\u00eaves<\/strong><br data-start=\"462\" data-end=\"465\">Responsable de la publication : <strong data-start=\"534\" data-end=\"546\">C. Czerni<br>Erotissimo <\/strong>est une marque d\u00e9pos\u00e9e \u00e0 l&rsquo;INPI sous le num\u00e9ro 5093438.<\/p>\n<h3 class=\"\" data-start=\"548\" data-end=\"565\">H\u00e9bergement<\/h3>\n<p class=\"\" data-start=\"566\" data-end=\"712\">Le site est h\u00e9berg\u00e9 par :<br data-start=\"591\" data-end=\"594\"><strong data-start=\"594\" data-end=\"605\">OVH SAS<\/strong><br data-start=\"605\" data-end=\"608\">2 rue Kellermann \u2013 59100 Roubaix \u2013 France<br data-start=\"649\" data-end=\"652\">T\u00e9l\u00e9phone : 1007<br data-start=\"668\" data-end=\"671\">Site : <a class=\"\" href=\"https:\/\/www.ovh.com\" target=\"_new\" rel=\"noopener\" data-start=\"678\" data-end=\"712\">www.ovh.com<\/a><\/p>\n<h3 class=\"\" data-start=\"714\" data-end=\"744\">Propri\u00e9t\u00e9 intellectuelle<\/h3>\n<p class=\"\" data-start=\"152\" data-end=\"465\">L\u2019ensemble des \u00e9l\u00e9ments pr\u00e9sents sur ce site (textes, images, graphismes, logo, etc.) sont prot\u00e9g\u00e9s par les dispositions du Code de la propri\u00e9t\u00e9 intellectuelle. Toute reproduction, repr\u00e9sentation, diffusion ou exploitation, totale ou partielle, sans l&rsquo;autorisation expresse de l&rsquo;\u00e9diteur est strictement interdite.<\/p>\n<p class=\"\" data-start=\"467\" data-end=\"779\">Certains \u00e9l\u00e9ments sont utilis\u00e9s avec l\u2019accord de tierces personnes et restent leur propri\u00e9t\u00e9 ; leur nom est mentionn\u00e9 en cr\u00e9dit lorsque cela est applicable. D\u2019autres images proviennent de banques d\u2019images, notamment Adobe Stock, et sont utilis\u00e9es dans le respect des licences en vigueur.<\/p>\n<h3 class=\"\" data-start=\"1060\" data-end=\"1086\">Donn\u00e9es personnelles<\/h3>\n<p class=\"\" data-start=\"1087\" data-end=\"1178\">Le site peut collecter certaines donn\u00e9es personnelles dans le cadre des services suivants :<\/p>\n<ul data-start=\"1180\" data-end=\"1889\">\n<li class=\"\" data-start=\"1180\" data-end=\"1552\">\n<p class=\"\" data-start=\"1182\" data-end=\"1552\"><strong data-start=\"1182\" data-end=\"1207\">Formulaire de contact<\/strong> : ce formulaire est fourni et op\u00e9r\u00e9 par le service tiers <strong data-start=\"1265\" data-end=\"1275\">ElfSight<\/strong>, qui est seul responsable du traitement des donn\u00e9es, conform\u00e9ment au R\u00e8glement G\u00e9n\u00e9ral sur la Protection des Donn\u00e9es (RGPD). Toute demande d&rsquo;acc\u00e8s, de modification ou de suppression des donn\u00e9es personnelles transmises via ce formulaire doit \u00eatre adress\u00e9e directement \u00e0 ElfSight.<\/p>\n<\/li>\n<li class=\"\" data-start=\"1554\" data-end=\"1889\">\n<p class=\"\" data-start=\"1556\" data-end=\"1889\"><strong data-start=\"1556\" data-end=\"1571\">Billetterie<\/strong> : les op\u00e9rations de r\u00e9servation et de paiement sont g\u00e9r\u00e9es par le prestataire <strong data-start=\"1650\" data-end=\"1663\">BilletWeb<\/strong>, qui assume l&rsquo;enti\u00e8re responsabilit\u00e9 du traitement des donn\u00e9es personnelles associ\u00e9es. Pour toute question relative \u00e0 la gestion des donn\u00e9es dans ce cadre, veuillez vous r\u00e9f\u00e9rer \u00e0 la politique de confidentialit\u00e9 de BilletWeb.<\/p>\n<\/li>\n<\/ul>\n<p class=\"\" data-start=\"1891\" data-end=\"1983\">Aucune donn\u00e9e personnelle n\u2019est stock\u00e9e directement par Erotissimo.net dans ces cas d\u2019usage.<\/p>\n<h3 class=\"\" data-start=\"1985\" data-end=\"1998\">Cookies<\/h3>\n<p class=\"\" data-start=\"1999\" data-end=\"2173\">Le site utilise uniquement des cookies strictement n\u00e9cessaires \u00e0 son bon fonctionnement. Aucun cookie de suivi ou de publicit\u00e9 n\u2019est d\u00e9pos\u00e9 sans votre consentement explicite.<\/p>\t\t\t\t\t\t\t\t<\/div>\n\t\t\t\t<\/div>\n\t\t\t\t<\/div>\n\t\t\t\t\t<\/div>\n\t\t\t\t<\/div>\n\t\t\t\t<\/div>\n\t\t","protected":false},"excerpt":{"rendered":"<p>Mentions l\u00e9gales \u00c9diteur du site Le pr\u00e9sent site internet, accessible \u00e0 l&rsquo;adresse www.erotissimo.net, est \u00e9dit\u00e9 par :SAS Les B\u00e2tisseurs de R\u00eavesResponsable de la publication : C. CzerniErotissimo est une marque d\u00e9pos\u00e9e \u00e0 l&rsquo;INPI sous le num\u00e9ro 5093438. H\u00e9bergement Le site est h\u00e9berg\u00e9 par :OVH SAS2 rue Kellermann \u2013 59100 Roubaix \u2013 FranceT\u00e9l\u00e9phone : 1007Site : [&hellip;]<\/p>\n","protected":false},"author":1,"featured_media":0,"parent":60,"menu_order":3,"comment_status":"closed","ping_status":"closed","template":"elementor_header_footer","meta":{"footnotes":""},"class_list":["post-454","page","type-page","status-publish","hentry"],"_links":{"self":[{"href":"https:\/\/www.erotissimo.net\/index.php\/wp-json\/wp\/v2\/pages\/454","targetHints":{"allow":["GET"]}}],"collection":[{"href":"https:\/\/www.erotissimo.net\/index.php\/wp-json\/wp\/v2\/pages"}],"about":[{"href":"https:\/\/www.erotissimo.net\/index.php\/wp-json\/wp\/v2\/types\/page"}],"author":[{"embeddable":true,"href":"https:\/\/www.erotissimo.net\/index.php\/wp-json\/wp\/v2\/users\/1"}],"replies":[{"embeddable":true,"href":"https:\/\/www.erotissimo.net\/index.php\/wp-json\/wp\/v2\/comments?post=454"}],"version-history":[{"count":16,"href":"https:\/\/www.erotissimo.net\/index.php\/wp-json\/wp\/v2\/pages\/454\/revisions"}],"predecessor-version":[{"id":501,"href":"https:\/\/www.erotissimo.net\/index.php\/wp-json\/wp\/v2\/pages\/454\/revisions\/501"}],"up":[{"embeddable":true,"href":"https:\/\/www.erotissimo.net\/index.php\/wp-json\/wp\/v2\/pages\/60"}],"wp:attachment":[{"href":"https:\/\/www.erotissimo.net\/index.php\/wp-json\/wp\/v2\/media?parent=454"}],"curies":[{"name":"wp","href":"https:\/\/api.w.org\/{rel}","templated":true}]}}