{"id":56,"date":"2024-12-02T20:48:27","date_gmt":"2024-12-02T19:48:27","guid":{"rendered":"https:\/\/erotissimo.net\/index.php\/our-story\/"},"modified":"2025-07-23T15:54:55","modified_gmt":"2025-07-23T13:54:55","slug":"localisation","status":"publish","type":"page","link":"https:\/\/www.erotissimo.net\/index.php\/accueil\/home\/localisation\/","title":{"rendered":"Venir \u00e0 Erotissimo"},"content":{"rendered":"\t\t<div data-elementor-type=\"wp-page\" data-elementor-id=\"56\" class=\"elementor elementor-56\">\n\t\t\t\t<div class=\"elementor-element elementor-element-47a8853c e-flex e-con-boxed e-con e-parent\" data-id=\"47a8853c\" data-element_type=\"container\">\n\t\t\t\t\t<div class=\"e-con-inner\">\n\t\t<div class=\"elementor-element elementor-element-17565af1 e-con-full e-flex e-con e-child\" data-id=\"17565af1\" data-element_type=\"container\" data-settings=\"{&quot;background_background&quot;:&quot;classic&quot;}\">\n\t\t\t\t<\/div>\n\t\t<div class=\"elementor-element elementor-element-8734fb e-con-full e-flex e-con e-child\" data-id=\"8734fb\" data-element_type=\"container\">\n\t\t\t\t<div class=\"elementor-element elementor-element-12836e92 elementor-widget elementor-widget-heading\" data-id=\"12836e92\" data-element_type=\"widget\" data-widget_type=\"heading.default\">\n\t\t\t\t<div class=\"elementor-widget-container\">\n\t\t\t\t\t<h6 class=\"elementor-heading-title elementor-size-default\">Le Team Square<\/h6>\t\t\t\t<\/div>\n\t\t\t\t<\/div>\n\t\t\t\t<div class=\"elementor-element elementor-element-3fd0410 elementor-widget elementor-widget-heading\" data-id=\"3fd0410\" data-element_type=\"widget\" data-widget_type=\"heading.default\">\n\t\t\t\t<div class=\"elementor-widget-container\">\n\t\t\t\t\t<h1 class=\"elementor-heading-title elementor-size-default\">H\u00e9nin-Beaumont<\/h1>\t\t\t\t<\/div>\n\t\t\t\t<\/div>\n\t\t\t\t<div class=\"elementor-element elementor-element-662ba29b elementor-invisible elementor-widget elementor-widget-text-editor\" data-id=\"662ba29b\" data-element_type=\"widget\" data-settings=\"{&quot;_animation&quot;:&quot;fadeIn&quot;,&quot;_animation_delay&quot;:400}\" data-widget_type=\"text-editor.default\">\n\t\t\t\t<div class=\"elementor-widget-container\">\n\t\t\t\t\t\t\t\t\t<p>Situ\u00e9 au c\u0153ur de l&rsquo;Eurom\u00e9tropole de Lille-Tournai, de l&rsquo;Arrageois et du Valenciennois, le Team Square est \u00e0 30mn de Lille et d&rsquo;Arras&#8230;<\/p><p>Team Square &#8211; 3 chemin de Bois Bernard &#8211; 62110 H\u00e9nin-Beaumont<\/p>\t\t\t\t\t\t\t\t<\/div>\n\t\t\t\t<\/div>\n\t\t\t\t<div class=\"elementor-element elementor-element-787dec9 elementor-tablet-align-center elementor-mobile-align-center elementor-invisible elementor-widget elementor-widget-button\" data-id=\"787dec9\" data-element_type=\"widget\" data-settings=\"{&quot;_animation&quot;:&quot;fadeIn&quot;}\" data-widget_type=\"button.default\">\n\t\t\t\t<div class=\"elementor-widget-container\">\n\t\t\t\t\t\t\t\t\t<div class=\"elementor-button-wrapper\">\n\t\t\t\t\t<a class=\"elementor-button elementor-button-link elementor-size-sm\" href=\"https:\/\/maps.app.goo.gl\/L61p5jixJBvY4fxj9\" target=\"_blank\">\n\t\t\t\t\t\t<span class=\"elementor-button-content-wrapper\">\n\t\t\t\t\t\t\t\t\t<span class=\"elementor-button-text\">Ouvrir dans Maps<\/span>\n\t\t\t\t\t<\/span>\n\t\t\t\t\t<\/a>\n\t\t\t\t<\/div>\n\t\t\t\t\t\t\t\t<\/div>\n\t\t\t\t<\/div>\n\t\t\t\t<div class=\"elementor-element elementor-element-703e881 elementor-invisible elementor-widget elementor-widget-text-editor\" data-id=\"703e881\" data-element_type=\"widget\" data-settings=\"{&quot;_animation&quot;:&quot;fadeIn&quot;,&quot;_animation_delay&quot;:400}\" data-widget_type=\"text-editor.default\">\n\t\t\t\t<div class=\"elementor-widget-container\">\n\t\t\t\t\t\t\t\t\t<p><b>Pensez \u00e0 covoiturer !<br \/><\/b>Publiez vos trajets pour Erotissimo. C&rsquo;est toujours plus sympa de venir et de repartir \u00e0 plusieurs&#8230;<\/p>\t\t\t\t\t\t\t\t<\/div>\n\t\t\t\t<\/div>\n\t\t<div class=\"elementor-element elementor-element-de69151 e-con-full e-flex e-con e-child\" data-id=\"de69151\" data-element_type=\"container\">\n\t\t\t\t<div class=\"elementor-element elementor-element-12b652b elementor-widget elementor-widget-image\" data-id=\"12b652b\" data-element_type=\"widget\" data-widget_type=\"image.default\">\n\t\t\t\t<div class=\"elementor-widget-container\">\n\t\t\t\t\t\t\t\t\t\t\t\t\t\t\t<img decoding=\"async\" width=\"100\" height=\"100\" src=\"https:\/\/www.erotissimo.net\/wp-content\/uploads\/2025\/07\/Icone-covoit-1.png\" class=\"attachment-full size-full wp-image-623\" alt=\"\" \/>\t\t\t\t\t\t\t\t\t\t\t\t\t\t\t<\/div>\n\t\t\t\t<\/div>\n\t\t\t\t<div class=\"elementor-element elementor-element-6c3b58b elementor-tablet-align-center elementor-mobile-align-center elementor-invisible elementor-widget elementor-widget-button\" data-id=\"6c3b58b\" data-element_type=\"widget\" data-settings=\"{&quot;_animation&quot;:&quot;fadeIn&quot;}\" data-widget_type=\"button.default\">\n\t\t\t\t<div class=\"elementor-widget-container\">\n\t\t\t\t\t\t\t\t\t<div class=\"elementor-button-wrapper\">\n\t\t\t\t\t<a class=\"elementor-button elementor-button-link elementor-size-sm\" href=\"https:\/\/www.blablacar.fr\/widget-driver\" target=\"_blank\">\n\t\t\t\t\t\t<span class=\"elementor-button-content-wrapper\">\n\t\t\t\t\t\t\t\t\t<span class=\"elementor-button-text\">Proposer un trajet<\/span>\n\t\t\t\t\t<\/span>\n\t\t\t\t\t<\/a>\n\t\t\t\t<\/div>\n\t\t\t\t\t\t\t\t<\/div>\n\t\t\t\t<\/div>\n\t\t\t\t<div class=\"elementor-element elementor-element-c92e874 elementor-tablet-align-center elementor-mobile-align-center elementor-invisible elementor-widget elementor-widget-button\" data-id=\"c92e874\" data-element_type=\"widget\" data-settings=\"{&quot;_animation&quot;:&quot;fadeIn&quot;}\" data-widget_type=\"button.default\">\n\t\t\t\t<div class=\"elementor-widget-container\">\n\t\t\t\t\t\t\t\t\t<div class=\"elementor-button-wrapper\">\n\t\t\t\t\t<a class=\"elementor-button elementor-button-link elementor-size-sm\" href=\"https:\/\/www.blablacar.fr\/widget\" target=\"_blank\">\n\t\t\t\t\t\t<span class=\"elementor-button-content-wrapper\">\n\t\t\t\t\t\t\t\t\t<span class=\"elementor-button-text\">Rechercher un trajet<\/span>\n\t\t\t\t\t<\/span>\n\t\t\t\t\t<\/a>\n\t\t\t\t<\/div>\n\t\t\t\t\t\t\t\t<\/div>\n\t\t\t\t<\/div>\n\t\t\t\t<\/div>\n\t\t\t\t<\/div>\n\t\t\t\t\t<\/div>\n\t\t\t\t<\/div>\n\t\t<div class=\"elementor-element elementor-element-243b162b e-flex e-con-boxed e-con e-parent\" data-id=\"243b162b\" data-element_type=\"container\">\n\t\t\t\t\t<div class=\"e-con-inner\">\n\t\t<div class=\"elementor-element elementor-element-46fd6c19 e-con-full e-flex e-con e-child\" data-id=\"46fd6c19\" data-element_type=\"container\">\n\t\t\t\t<div class=\"elementor-element elementor-element-642346c5 elementor-widget elementor-widget-heading\" data-id=\"642346c5\" data-element_type=\"widget\" data-widget_type=\"heading.default\">\n\t\t\t\t<div class=\"elementor-widget-container\">\n\t\t\t\t\t<h2 class=\"elementor-heading-title elementor-size-default\">Le Team Square...<\/h2>\t\t\t\t<\/div>\n\t\t\t\t<\/div>\n\t\t\t\t<div class=\"elementor-element elementor-element-14575f6a elementor-widget__width-initial elementor-widget-mobile__width-inherit elementor-widget elementor-widget-text-editor\" data-id=\"14575f6a\" data-element_type=\"widget\" data-widget_type=\"text-editor.default\">\n\t\t\t\t<div class=\"elementor-widget-container\">\n\t\t\t\t\t\t\t\t\t<p>C&rsquo;est un complexe de loisirs, qui allie sport et innovation pour des moments intenses et des \u00e9v\u00e9nements m\u00e9morables.<\/p><p>Activit\u00e9s physiques, aventures, divertissements, jeux de tir, simulations, sports&#8230; Le Team Square vous accueille toute l&rsquo;ann\u00e9e.<\/p>\t\t\t\t\t\t\t\t<\/div>\n\t\t\t\t<\/div>\n\t\t\t\t<div class=\"elementor-element elementor-element-4511af2 elementor-tablet-align-center elementor-mobile-align-center elementor-invisible elementor-widget elementor-widget-button\" data-id=\"4511af2\" data-element_type=\"widget\" data-settings=\"{&quot;_animation&quot;:&quot;fadeIn&quot;}\" data-widget_type=\"button.default\">\n\t\t\t\t<div class=\"elementor-widget-container\">\n\t\t\t\t\t\t\t\t\t<div class=\"elementor-button-wrapper\">\n\t\t\t\t\t<a class=\"elementor-button elementor-button-link elementor-size-sm\" href=\"https:\/\/team-square.fr\/\" target=\"_blank\">\n\t\t\t\t\t\t<span class=\"elementor-button-content-wrapper\">\n\t\t\t\t\t\t\t\t\t<span class=\"elementor-button-text\">Visiter le site<\/span>\n\t\t\t\t\t<\/span>\n\t\t\t\t\t<\/a>\n\t\t\t\t<\/div>\n\t\t\t\t\t\t\t\t<\/div>\n\t\t\t\t<\/div>\n\t\t\t\t<\/div>\n\t\t<div class=\"elementor-element elementor-element-e1c9ce9 e-con-full e-flex e-con e-child\" data-id=\"e1c9ce9\" data-element_type=\"container\" data-settings=\"{&quot;background_background&quot;:&quot;classic&quot;}\">\n\t\t\t\t<div class=\"elementor-element elementor-element-1105a178 elementor-widget elementor-widget-image\" data-id=\"1105a178\" data-element_type=\"widget\" data-widget_type=\"image.default\">\n\t\t\t\t<div class=\"elementor-widget-container\">\n\t\t\t\t\t\t\t\t\t\t\t\t\t\t\t<img fetchpriority=\"high\" decoding=\"async\" width=\"1080\" height=\"1080\" src=\"https:\/\/www.erotissimo.net\/wp-content\/uploads\/2025\/02\/REALITE_VIRTUELLE-1080x1080-1.png\" class=\"attachment-full size-full wp-image-346\" alt=\"\" srcset=\"https:\/\/www.erotissimo.net\/wp-content\/uploads\/2025\/02\/REALITE_VIRTUELLE-1080x1080-1.png 1080w, https:\/\/www.erotissimo.net\/wp-content\/uploads\/2025\/02\/REALITE_VIRTUELLE-1080x1080-1-300x300.png 300w, https:\/\/www.erotissimo.net\/wp-content\/uploads\/2025\/02\/REALITE_VIRTUELLE-1080x1080-1-1024x1024.png 1024w, https:\/\/www.erotissimo.net\/wp-content\/uploads\/2025\/02\/REALITE_VIRTUELLE-1080x1080-1-150x150.png 150w, https:\/\/www.erotissimo.net\/wp-content\/uploads\/2025\/02\/REALITE_VIRTUELLE-1080x1080-1-768x768.png 768w\" sizes=\"(max-width: 1080px) 100vw, 1080px\" \/>\t\t\t\t\t\t\t\t\t\t\t\t\t\t\t<\/div>\n\t\t\t\t<\/div>\n\t\t\t\t<div class=\"elementor-element elementor-element-56eb71d6 elementor-widget elementor-widget-image\" data-id=\"56eb71d6\" data-element_type=\"widget\" data-widget_type=\"image.default\">\n\t\t\t\t<div class=\"elementor-widget-container\">\n\t\t\t\t\t\t\t\t\t\t\t\t\t\t\t<img decoding=\"async\" width=\"1080\" height=\"1080\" src=\"https:\/\/www.erotissimo.net\/wp-content\/uploads\/2025\/02\/IMG_3604-1080x1080-1.jpg\" class=\"attachment-full size-full wp-image-345\" alt=\"\" srcset=\"https:\/\/www.erotissimo.net\/wp-content\/uploads\/2025\/02\/IMG_3604-1080x1080-1.jpg 1080w, https:\/\/www.erotissimo.net\/wp-content\/uploads\/2025\/02\/IMG_3604-1080x1080-1-300x300.jpg 300w, https:\/\/www.erotissimo.net\/wp-content\/uploads\/2025\/02\/IMG_3604-1080x1080-1-1024x1024.jpg 1024w, https:\/\/www.erotissimo.net\/wp-content\/uploads\/2025\/02\/IMG_3604-1080x1080-1-150x150.jpg 150w, https:\/\/www.erotissimo.net\/wp-content\/uploads\/2025\/02\/IMG_3604-1080x1080-1-768x768.jpg 768w\" sizes=\"(max-width: 1080px) 100vw, 1080px\" \/>\t\t\t\t\t\t\t\t\t\t\t\t\t\t\t<\/div>\n\t\t\t\t<\/div>\n\t\t\t\t<\/div>\n\t\t\t\t\t<\/div>\n\t\t\t\t<\/div>\n\t\t\t\t<\/div>\n\t\t","protected":false},"excerpt":{"rendered":"<p>Le Team Square H\u00e9nin-Beaumont Situ\u00e9 au c\u0153ur de l&rsquo;Eurom\u00e9tropole de Lille-Tournai, de l&rsquo;Arrageois et du Valenciennois, le Team Square est \u00e0 30mn de Lille et d&rsquo;Arras&#8230; Team Square &#8211; 3 chemin de Bois Bernard &#8211; 62110 H\u00e9nin-Beaumont Ouvrir dans Maps Pensez \u00e0 covoiturer !Publiez vos trajets pour Erotissimo. C&rsquo;est toujours plus sympa de venir et [&hellip;]<\/p>\n","protected":false},"author":1,"featured_media":0,"parent":60,"menu_order":1,"comment_status":"closed","ping_status":"closed","template":"elementor_header_footer","meta":{"footnotes":""},"class_list":["post-56","page","type-page","status-publish","hentry"],"_links":{"self":[{"href":"https:\/\/www.erotissimo.net\/index.php\/wp-json\/wp\/v2\/pages\/56","targetHints":{"allow":["GET"]}}],"collection":[{"href":"https:\/\/www.erotissimo.net\/index.php\/wp-json\/wp\/v2\/pages"}],"about":[{"href":"https:\/\/www.erotissimo.net\/index.php\/wp-json\/wp\/v2\/types\/page"}],"author":[{"embeddable":true,"href":"https:\/\/www.erotissimo.net\/index.php\/wp-json\/wp\/v2\/users\/1"}],"replies":[{"embeddable":true,"href":"https:\/\/www.erotissimo.net\/index.php\/wp-json\/wp\/v2\/comments?post=56"}],"version-history":[{"count":44,"href":"https:\/\/www.erotissimo.net\/index.php\/wp-json\/wp\/v2\/pages\/56\/revisions"}],"predecessor-version":[{"id":626,"href":"https:\/\/www.erotissimo.net\/index.php\/wp-json\/wp\/v2\/pages\/56\/revisions\/626"}],"up":[{"embeddable":true,"href":"https:\/\/www.erotissimo.net\/index.php\/wp-json\/wp\/v2\/pages\/60"}],"wp:attachment":[{"href":"https:\/\/www.erotissimo.net\/index.php\/wp-json\/wp\/v2\/media?parent=56"}],"curies":[{"name":"wp","href":"https:\/\/api.w.org\/{rel}","templated":true}]}}